{"id":1303,"date":"2020-12-29T19:08:57","date_gmt":"2020-12-29T15:08:57","guid":{"rendered":"http:\/\/infonews.az\/?page_id=1303"},"modified":"2023-03-14T18:29:43","modified_gmt":"2023-03-14T14:29:43","slug":"reklam","status":"publish","type":"page","link":"https:\/\/infonews.az\/?page_id=1303","title":{"rendered":"Reklam"},"content":{"rendered":"<header class=\"page-header\">\n<div class=\"archive-description\">\n<p style=\"text-align: center;\">Saytda reklam yerl\u0259\u015fdirm\u0259k \u00fc\u00e7\u00fcn bu n\u00f6mr\u0259 il\u0259 \u0259laq\u0259 saxlay\u0131n +994 10 2121799<\/p>\n<\/div>\n<\/header>\n<div class=\"row gutter-parent-14 post-wrap\">\n<div class=\"col-sm-6 col-xxl-4 post-col\">\n<div class=\"post-1295 post type-post status-publish format-standard has-post-thumbnail hentry category-dunya-xbrlri category-elan category-siyast category-son-xbrlr tag-bmt tag-terorizm tag-xarici-islr-nazirliyi\"><\/div>\n<\/div>\n<\/div>\n","protected":false},"excerpt":{"rendered":"<p>Saytda reklam yerl\u0259\u015fdirm\u0259k \u00fc\u00e7\u00fcn bu n\u00f6mr\u0259 il\u0259 \u0259laq\u0259 saxlay\u0131n +994 10 2121799<\/p>\n","protected":false},"author":1,"featured_media":0,"parent":0,"menu_order":0,"comment_status":"closed","ping_status":"closed","template":"","meta":{"_mi_skip_tracking":false,"_monsterinsights_sitenote_active":false,"_monsterinsights_sitenote_note":"","_monsterinsights_sitenote_category":0,"footnotes":""},"aioseo_notices":[],"_links":{"self":[{"href":"https:\/\/infonews.az\/index.php?rest_route=\/wp\/v2\/pages\/1303"}],"collection":[{"href":"https:\/\/infonews.az\/index.php?rest_route=\/wp\/v2\/pages"}],"about":[{"href":"https:\/\/infonews.az\/index.php?rest_route=\/wp\/v2\/types\/page"}],"author":[{"embeddable":true,"href":"https:\/\/infonews.az\/index.php?rest_route=\/wp\/v2\/users\/1"}],"replies":[{"embeddable":true,"href":"https:\/\/infonews.az\/index.php?rest_route=%2Fwp%2Fv2%2Fcomments&post=1303"}],"version-history":[{"count":2,"href":"https:\/\/infonews.az\/index.php?rest_route=\/wp\/v2\/pages\/1303\/revisions"}],"predecessor-version":[{"id":32838,"href":"https:\/\/infonews.az\/index.php?rest_route=\/wp\/v2\/pages\/1303\/revisions\/32838"}],"wp:attachment":[{"href":"https:\/\/infonews.az\/index.php?rest_route=%2Fwp%2Fv2%2Fmedia&parent=1303"}],"curies":[{"name":"wp","href":"https:\/\/api.w.org\/{rel}","templated":true}]}}