{"id":80,"date":"2020-12-01T18:15:51","date_gmt":"2020-12-01T18:15:51","guid":{"rendered":"http:\/\/infonews.az\/?page_id=80"},"modified":"2023-04-01T00:02:54","modified_gmt":"2023-03-31T20:02:54","slug":"haqqimizda","status":"publish","type":"page","link":"https:\/\/infonews.az\/?page_id=80","title":{"rendered":"Haqq\u0131m\u0131zda"},"content":{"rendered":"<p><span style=\"color: #000000;\">\u201c<strong>\u0130NFONEWS<\/strong>\u201d \u0130nformasiya Agentliyi 1 dekabr 2020-ci il tarixind\u0259n f\u0259aliyy\u0259t\u0259 ba\u015flay\u0131b v\u0259 m\u00fcst\u0259qil informasiya siyas\u0259ti h\u0259yata ke\u00e7ir\u0259n media qurumudur.<\/span><br \/>\n<span style=\"color: #000000;\">Qurumun yarad\u0131lmas\u0131nda m\u0259qs\u0259d oxuculara Az\u0259rbaycanda, el\u0259c\u0259 d\u0259 regionda v\u0259 d\u00fcnyada ba\u015f ver\u0259n hadis\u0259l\u0259r bar\u0259d\u0259 d\u0259qiq, vicdanl\u0131, q\u0259r\u0259zsiz x\u0259b\u0259rl\u0259ri t\u0259qdim etm\u0259kdir.<\/span><\/p>\n<p><span style=\"color: #000000;\">Az\u0259rbaycanda f\u0259aliyy\u0259t g\u00f6st\u0259r\u0259n d\u00f6vl\u0259t orqanlar\u0131n\u0131, b\u0259l\u0259diyy\u0259l\u0259ri, idar\u0259, m\u00fc\u0259ssis\u0259 v\u0259 t\u0259\u015fkilatlar\u0131, ictimai birlikl\u0259ri, siyasi partiyalar\u0131, v\u0259zif\u0259li \u015f\u0259xsl\u0259ri b\u00fct\u00fcn d\u00f6vl\u0259t qurumlar\u0131n\u0131, yaz\u0131l\u0131, elektron m\u0259tbuat\u0131, media t\u0259\u015fkilatlar\u0131n\u0131 v\u0259 v\u0259t\u0259nda\u015flar\u0131 aktiv \u0259m\u0259kda\u015fl\u0131\u011fa d\u0259v\u0259t edirik.<\/span><\/p>\n<p><span style=\"color: #000000;\"><em>T\u0259sis\u00e7i v\u0259 m\u0259sul redaktor: <strong>Nabat \u018fnv\u0259rq\u0131z\u0131<br \/>\n<\/strong><\/em><em>\u0130cra\u00e7\u0131 direktor: <strong>Arzu M\u0259mm\u0259dq\u0131z\u0131<\/strong><strong><br \/>\n<\/strong>Redaktor:<strong> \u018fziz\u0259 \u018fliyeva<br \/>\n<\/strong><\/em><em>M\u00fcxbir:\u00a0<strong>Telman Mustafayev<\/strong><strong><br \/>\n<\/strong>M\u00fcxbir: <strong>\u0130nci Quliyeva<br \/>\n<\/strong>M\u00fcxbir: <strong>Aynur A\u011fayeva<br \/>\n<\/strong>SM menecer: <strong>G\u00fclnar Mehr\u0259lizad\u0259<\/strong><\/em><\/span><\/p>\n","protected":false},"excerpt":{"rendered":"<p>\u201c\u0130NFONEWS\u201d \u0130nformasiya Agentliyi 1 dekabr 2020-ci il tarixind\u0259n f\u0259aliyy\u0259t\u0259 ba\u015flay\u0131b v\u0259 m\u00fcst\u0259qil informasiya siyas\u0259ti h\u0259yata ke\u00e7ir\u0259n media qurumudur. Qurumun yarad\u0131lmas\u0131nda m\u0259qs\u0259d oxuculara Az\u0259rbaycanda, el\u0259c\u0259 d\u0259 regionda v\u0259 d\u00fcnyada ba\u015f ver\u0259n&hellip; <\/p>\n","protected":false},"author":1,"featured_media":0,"parent":0,"menu_order":0,"comment_status":"closed","ping_status":"closed","template":"","meta":{"_mi_skip_tracking":false,"_monsterinsights_sitenote_active":false,"_monsterinsights_sitenote_note":"","_monsterinsights_sitenote_category":0,"footnotes":""},"aioseo_notices":[],"_links":{"self":[{"href":"https:\/\/infonews.az\/index.php?rest_route=\/wp\/v2\/pages\/80"}],"collection":[{"href":"https:\/\/infonews.az\/index.php?rest_route=\/wp\/v2\/pages"}],"about":[{"href":"https:\/\/infonews.az\/index.php?rest_route=\/wp\/v2\/types\/page"}],"author":[{"embeddable":true,"href":"https:\/\/infonews.az\/index.php?rest_route=\/wp\/v2\/users\/1"}],"replies":[{"embeddable":true,"href":"https:\/\/infonews.az\/index.php?rest_route=%2Fwp%2Fv2%2Fcomments&post=80"}],"version-history":[{"count":19,"href":"https:\/\/infonews.az\/index.php?rest_route=\/wp\/v2\/pages\/80\/revisions"}],"predecessor-version":[{"id":33598,"href":"https:\/\/infonews.az\/index.php?rest_route=\/wp\/v2\/pages\/80\/revisions\/33598"}],"wp:attachment":[{"href":"https:\/\/infonews.az\/index.php?rest_route=%2Fwp%2Fv2%2Fmedia&parent=80"}],"curies":[{"name":"wp","href":"https:\/\/api.w.org\/{rel}","templated":true}]}}